{"id":54074,"date":"2018-09-27T11:07:06","date_gmt":"2018-09-27T09:07:06","guid":{"rendered":"http:\/\/2018.gctrading.sk\/?page_id=54074"},"modified":"2023-09-25T11:37:49","modified_gmt":"2023-09-25T09:37:49","slug":"retaze-a-ozubene-kolesa","status":"publish","type":"page","link":"https:\/\/www.gctrading.sk\/ru\/produkty-i-uslugi\/cepi-i-shesterni\/","title":{"rendered":"\u0426\u0435\u043f\u0438 \u0438 \u0448\u0435\u0441\u0442\u0435\u0440\u043d\u0438"},"content":{"rendered":"<section class=\"wpb-content-wrapper\"><p>[vc_row][vc_column]<section class=\"shortcode-action-box table shortcode-action-bg block-style-widget\"><div class=\"text-big\"><h2>\u0426\u0435\u043f\u0438 \u0438 \u0448\u0435\u0441\u0442\u0435\u0440\u043d\u0438<\/h2>\n<\/div><\/section>[vc_empty_space height=&#187;25px&#187;][\/vc_column][\/vc_row][vc_row][vc_column width=&#187;1\/2&#8243;][\/vc_column][vc_column width=&#187;1\/2&#8243;][vc_single_image image=&#187;54187&#8243; img_size=&#187;full&#187; style=&#187;vc_box_shadow_border&#187;][vc_column_text]<\/p>\n\n\t\t\t<style type='text\/css'>\n\t\t\t\t#gallery-4 {\n\t\t\t\t\tmargin: auto;\n\t\t\t\t}\n\t\t\t\t#gallery-4 .gallery-item {\n\t\t\t\t\tfloat: left;\n\t\t\t\t\tmargin-top: 10px;\n\t\t\t\t\ttext-align: center;\n\t\t\t\t\twidth: 50%;\n\t\t\t\t}\n\t\t\t\t#gallery-4 img {\n\t\t\t\t\tborder: 2px solid #cfcfcf;\n\t\t\t\t}\n\t\t\t\t#gallery-4 .gallery-caption {\n\t\t\t\t\tmargin-left: 0;\n\t\t\t\t}\n\t\t\t\t\/* see gallery_shortcode() in wp-includes\/media.php *\/\n\t\t\t<\/style>\n\t\t<div id='gallery-4' class='dt-gallery-container gallery galleryid-54074 gallery-columns-2 gallery-size-large'><dl class='gallery-item'>\n\t\t\t\t<dt class='gallery-icon landscape'>\n\t\t\t\t\t<a class=\"rollover rollover-zoom dt-pswp-item\" title=\"Re\u0165aze a ozuben\u00e9 koles\u00e1\" data-dt-img-description=\"\" data-large_image_width=\"700\" data-large_image_height=\"500\"href='https:\/\/www.gctrading.sk\/wp-content\/uploads\/retaze-a-ozubene-kolesa-1.jpg'><img loading=\"lazy\" decoding=\"async\" width=\"700\" height=\"500\" src=\"https:\/\/www.gctrading.sk\/wp-content\/uploads\/retaze-a-ozubene-kolesa-1.jpg\" class=\"attachment-large size-large\" alt=\"Re\u0165aze a ozuben\u00e9 koles\u00e1\" srcset=\"https:\/\/www.gctrading.sk\/wp-content\/uploads\/retaze-a-ozubene-kolesa-1.jpg 700w, https:\/\/www.gctrading.sk\/wp-content\/uploads\/retaze-a-ozubene-kolesa-1-300x214.jpg 300w, https:\/\/www.gctrading.sk\/wp-content\/uploads\/retaze-a-ozubene-kolesa-1-500x357.jpg 500w\" sizes=\"auto, (max-width: 700px) 100vw, 700px\" \/><\/a>\n\t\t\t\t<\/dt><\/dl><dl class='gallery-item'>\n\t\t\t\t<dt class='gallery-icon landscape'>\n\t\t\t\t\t<a class=\"rollover rollover-zoom dt-pswp-item\" title=\"Re\u0165aze a ozuben\u00e9 koles\u00e1\" data-dt-img-description=\"\" data-large_image_width=\"700\" data-large_image_height=\"500\"href='https:\/\/www.gctrading.sk\/wp-content\/uploads\/retaze-a-ozubene-kolesa-2.jpg'><img loading=\"lazy\" decoding=\"async\" width=\"700\" height=\"500\" src=\"https:\/\/www.gctrading.sk\/wp-content\/uploads\/retaze-a-ozubene-kolesa-2.jpg\" class=\"attachment-large size-large\" alt=\"Re\u0165aze a ozuben\u00e9 koles\u00e1\" srcset=\"https:\/\/www.gctrading.sk\/wp-content\/uploads\/retaze-a-ozubene-kolesa-2.jpg 700w, https:\/\/www.gctrading.sk\/wp-content\/uploads\/retaze-a-ozubene-kolesa-2-300x214.jpg 300w, https:\/\/www.gctrading.sk\/wp-content\/uploads\/retaze-a-ozubene-kolesa-2-500x357.jpg 500w\" sizes=\"auto, (max-width: 700px) 100vw, 700px\" \/><\/a>\n\t\t\t\t<\/dt><\/dl><br style=\"clear: both\" \/>\n\t\t\t<\/div>\n\n<p>[\/vc_column_text][\/vc_column][\/vc_row][vc_row][vc_column][vc_empty_space height=&#187;20px&#187;][vc_column_text]<\/p>\n<h3 style=\"text-align: center;\">Catalogs to download<\/h3>\n<p>[\/vc_column_text][vc_raw_html]JTNDZGl2JTIwY2xhc3MlM0QlMjJjYXRhbG9nJTIyJTIwJTNFJTBBJTNDYSUyMCUyMGhyZWYlM0QlMjIlMkZjYXRhbG9nJTJGY2hhaW5zLWFuZC1zcHJvY2tldHMlMkYwMS1DaGFpbnMtYW5kLXNwcm9ja2V0cy5wZGYlMjIlMjB0YXJnZXQlM0QlMjJfYmxhbmslMjIlM0UlMEElM0NpbWclMjBzcmMlM0QlMjIlMkZ3cC1jb250ZW50JTJGdXBsb2FkcyUyRjAxLWNoYWlucy1hbmQtc3Byb2NrZXRzLmpwZyUyMiUyMGFsdCUzRCUyMkNoYWlucyUyMGFuZCUyMHNwcm9ja2V0cyUyMiUyRiUzRSUwQSUzQyUyRmElM0UlMEElM0NhJTIwJTIwaHJlZiUzRCUyMiUyRmNhdGFsb2clMkZjaGFpbnMtYW5kLXNwcm9ja2V0cyUyRjAyLUNoYWlucy1hbmQtc3Byb2NrZXRzLnBkZiUyMiUyMHRhcmdldCUzRCUyMl9ibGFuayUyMiUzRSUwQSUzQ2ltZyUyMHNyYyUzRCUyMiUyRndwLWNvbnRlbnQlMkZ1cGxvYWRzJTJGMDItY2hhaW5zLWFuZC1zcHJvY2tldHMuanBnJTIyJTIwYWx0JTNEJTIyQ2hhaW5zJTIwYW5kJTIwc3Byb2NrZXRzJTIyJTJGJTNFJTBBJTNDJTJGYSUzRSUwQSUzQyUyRmRpdiUzRQ==[\/vc_raw_html][\/vc_column][\/vc_row]<\/p>\n<\/section>","protected":false},"excerpt":{"rendered":"<p>[vc_row][vc_column][vc_empty_space height=&#187;25px&#187;][\/vc_column][\/vc_row][vc_row][vc_column width=&#187;1\/2&#8243;][\/vc_column][vc_column width=&#187;1\/2&#8243;][vc_single_image image=&#187;54187&#8243; img_size=&#187;full&#187; style=&#187;vc_box_shadow_border&#187;][vc_column_text] [\/vc_column_text][\/vc_column][\/vc_row][vc_row][vc_column][vc_empty_space height=&#187;20px&#187;][vc_column_text] Catalogs to download [\/vc_column_text][vc_raw_html]JTNDZGl2JTIwY2xhc3MlM0QlMjJjYXRhbG9nJTIyJTIwJTNFJTBBJTNDYSUyMCUyMGhyZWYlM0QlMjIlMkZjYXRhbG9nJTJGY2hhaW5zLWFuZC1zcHJvY2tldHMlMkYwMS1DaGFpbnMtYW5kLXNwcm9ja2V0cy5wZGYlMjIlMjB0YXJnZXQlM0QlMjJfYmxhbmslMjIlM0UlMEElM0NpbWclMjBzcmMlM0QlMjIlMkZ3cC1jb250ZW50JTJGdXBsb2FkcyUyRjAxLWNoYWlucy1hbmQtc3Byb2NrZXRzLmpwZyUyMiUyMGFsdCUzRCUyMkNoYWlucyUyMGFuZCUyMHNwcm9ja2V0cyUyMiUyRiUzRSUwQSUzQyUyRmElM0UlMEElM0NhJTIwJTIwaHJlZiUzRCUyMiUyRmNhdGFsb2clMkZjaGFpbnMtYW5kLXNwcm9ja2V0cyUyRjAyLUNoYWlucy1hbmQtc3Byb2NrZXRzLnBkZiUyMiUyMHRhcmdldCUzRCUyMl9ibGFuayUyMiUzRSUwQSUzQ2ltZyUyMHNyYyUzRCUyMiUyRndwLWNvbnRlbnQlMkZ1cGxvYWRzJTJGMDItY2hhaW5zLWFuZC1zcHJvY2tldHMuanBnJTIyJTIwYWx0JTNEJTIyQ2hhaW5zJTIwYW5kJTIwc3Byb2NrZXRzJTIyJTJGJTNFJTBBJTNDJTJGYSUzRSUwQSUzQyUyRmRpdiUzRQ==[\/vc_raw_html][\/vc_column][\/vc_row]<\/p>\n","protected":false},"author":1,"featured_media":0,"parent":53786,"menu_order":0,"comment_status":"closed","ping_status":"closed","template":"","meta":{"footnotes":""},"class_list":["post-54074","page","type-page","status-publish","hentry","description-off"],"_links":{"self":[{"href":"https:\/\/www.gctrading.sk\/ru\/wp-json\/wp\/v2\/pages\/54074","targetHints":{"allow":["GET"]}}],"collection":[{"href":"https:\/\/www.gctrading.sk\/ru\/wp-json\/wp\/v2\/pages"}],"about":[{"href":"https:\/\/www.gctrading.sk\/ru\/wp-json\/wp\/v2\/types\/page"}],"author":[{"embeddable":true,"href":"https:\/\/www.gctrading.sk\/ru\/wp-json\/wp\/v2\/users\/1"}],"replies":[{"embeddable":true,"href":"https:\/\/www.gctrading.sk\/ru\/wp-json\/wp\/v2\/comments?post=54074"}],"version-history":[{"count":1,"href":"https:\/\/www.gctrading.sk\/ru\/wp-json\/wp\/v2\/pages\/54074\/revisions"}],"predecessor-version":[{"id":54603,"href":"https:\/\/www.gctrading.sk\/ru\/wp-json\/wp\/v2\/pages\/54074\/revisions\/54603"}],"up":[{"embeddable":true,"href":"https:\/\/www.gctrading.sk\/ru\/wp-json\/wp\/v2\/pages\/53786"}],"wp:attachment":[{"href":"https:\/\/www.gctrading.sk\/ru\/wp-json\/wp\/v2\/media?parent=54074"}],"curies":[{"name":"wp","href":"https:\/\/api.w.org\/{rel}","templated":true}]}}