{"id":53639,"date":"2018-09-25T13:01:32","date_gmt":"2018-09-25T11:01:32","guid":{"rendered":"http:\/\/2018.gctrading.sk\/?page_id=53639"},"modified":"2023-09-25T11:29:52","modified_gmt":"2023-09-25T09:29:52","slug":"vseobecne-obchodne-podmienky","status":"publish","type":"page","link":"https:\/\/www.gctrading.sk\/ru\/vseobecne-obchodne-podmienky\/","title":{"rendered":"(Sloven\u010dina) V\u0161eobecn\u00e9 obchodn\u00e9 podmienky"},"content":{"rendered":"<p class=\"qtranxs-available-languages-message qtranxs-available-languages-message-ru\">\u0418\u0437\u0432\u0438\u043d\u0438\u0442\u0435, \u044d\u0442\u043e\u0442 \u0442\u0435\u0445\u0442 \u0434\u043e\u0441\u0442\u0443\u043f\u0435\u043d \u0442\u043e\u043b\u044c\u043a\u043e \u0432 \u201c<a href=\"https:\/\/www.gctrading.sk\/sk\/wp-json\/wp\/v2\/pages\/53639\" class=\"qtranxs-available-language-link qtranxs-available-language-link-sk\" title=\"Sloven\u010dina\">Sloven\u010dina<\/a>\u201d.<\/p>","protected":false},"excerpt":{"rendered":"<p>\u0418\u0437\u0432\u0438\u043d\u0438\u0442\u0435, \u044d\u0442\u043e\u0442 \u0442\u0435\u0445\u0442 \u0434\u043e\u0441\u0442\u0443\u043f\u0435\u043d \u0442\u043e\u043b\u044c\u043a\u043e \u0432 \u201cSloven\u010dina\u201d.<\/p>\n","protected":false},"author":1,"featured_media":0,"parent":0,"menu_order":0,"comment_status":"closed","ping_status":"closed","template":"","meta":{"footnotes":""},"class_list":["post-53639","page","type-page","status-publish","hentry","description-off"],"_links":{"self":[{"href":"https:\/\/www.gctrading.sk\/ru\/wp-json\/wp\/v2\/pages\/53639","targetHints":{"allow":["GET"]}}],"collection":[{"href":"https:\/\/www.gctrading.sk\/ru\/wp-json\/wp\/v2\/pages"}],"about":[{"href":"https:\/\/www.gctrading.sk\/ru\/wp-json\/wp\/v2\/types\/page"}],"author":[{"embeddable":true,"href":"https:\/\/www.gctrading.sk\/ru\/wp-json\/wp\/v2\/users\/1"}],"replies":[{"embeddable":true,"href":"https:\/\/www.gctrading.sk\/ru\/wp-json\/wp\/v2\/comments?post=53639"}],"version-history":[{"count":1,"href":"https:\/\/www.gctrading.sk\/ru\/wp-json\/wp\/v2\/pages\/53639\/revisions"}],"predecessor-version":[{"id":54590,"href":"https:\/\/www.gctrading.sk\/ru\/wp-json\/wp\/v2\/pages\/53639\/revisions\/54590"}],"wp:attachment":[{"href":"https:\/\/www.gctrading.sk\/ru\/wp-json\/wp\/v2\/media?parent=53639"}],"curies":[{"name":"wp","href":"https:\/\/api.w.org\/{rel}","templated":true}]}}