{"id":53786,"date":"2018-09-25T21:27:22","date_gmt":"2018-09-25T19:27:22","guid":{"rendered":"http:\/\/2018.gctrading.sk\/?page_id=53786"},"modified":"2023-09-25T11:27:34","modified_gmt":"2023-09-25T09:27:34","slug":"produkty-a-sluzby","status":"publish","type":"page","link":"https:\/\/www.gctrading.sk\/pl\/produkty-i-uslugi\/","title":{"rendered":"Produkty i us\u0142ugi"},"content":{"rendered":"<section class=\"wpb-content-wrapper\"><p>[vc_row][vc_column]<section class=\"shortcode-action-box table shortcode-action-bg block-style-widget\"><div class=\"text-big\"><h2>Przegl\u0105d produkt\u00f3w &#8211; katalogi<\/h2>\n<\/div><\/section>[vc_empty_space height=&#8221;20px&#8221;][vc_column_text]Zajmujemy si\u0119 sprzeda\u017c\u0105 \u0142o\u017cysk i ich akcesori\u00f3w w standardowych i specjalnych, typowych i nietypowych wykonaniach. Jeste\u015bmy certyfikowanym dystrybutorem przemys\u0142owych \u0142o\u017cysk klasy premium NTN-SNR. Sprzedajemy r\u00f3wnie\u017c \u0142o\u017cyska od producent\u00f3w ZVL, NSK, RHP, ZKL, Koyo i innych.<\/p>\n<p>Ponadto r\u00f3wnie\u017c oferujemy szeroki zakres produkt\u00f3w przemys\u0142owych, jak naprzyklad oprawy \u0142o\u017cyskowe i zespo\u0142y, prowadnice liniowe, simeringi, O-ringi, V-ringi, uszczelki, pasy klinowe, z\u0119bate i ko\u0142a pasowe, kr\u0105\u017cniki i podstawy przeno\u015bnikowe, \u0142a\u0144cuchy szerokiej mo\u017cliwo\u015bci korzystania, przeno\u015bniki ta\u015bmowe ,,pod klucz\u201c i cz\u0119\u015bci zamienne &#8211; nap\u0119dowe i nap\u0119dzane b\u0119bny do przeno\u015bnik\u00f3w, smary i oleje, systemy smarowe, automatyczne smarownice, narz\u0119dzia do monta\u017cu i demonta\u017cu \u0142o\u017cysk, narz\u0119dzia do diagnostyki i pomiaru \u0142o\u017cysk, cz\u0119\u015bci zamienne do kruszarek i sortownik\u00f3w kamienia &#8211; szcz\u0119ki, obklady, sita stalowe i tym podobne. Dzi\u0119ki szerokiemu zasi\u0119gu naszych klient\u00f3w dysponujemy szerok\u0105 ofert\u0105 produkt\u00f3w r\u00f3\u017cnych typ\u00f3w, wykona\u0144 i marek.[\/vc_column_text][vc_empty_space height=&#8221;20px&#8221;][\/vc_column][\/vc_row][vc_row][vc_column width=&#8221;1\/4&#8243;][vc_single_image image=&#8221;54181&#8243; img_size=&#8221;full&#8221; alignment=&#8221;center&#8221; style=&#8221;vc_box_shadow_border&#8221; onclick=&#8221;custom_link&#8221; link=&#8221;\/pl\/produkty-i-uslugi\/lozyska\/&#8221;][vc_column_text]<\/p>\n<h3 style=\"text-align: center;\">\u0141o\u017cyska<\/h3>\n<p style=\"text-align: center;\">\u0141o\u017cyska toczne i ich akcesoria.<\/p>\n<p>[\/vc_column_text][\/vc_column][vc_column width=&#8221;1\/4&#8243;][vc_single_image image=&#8221;54182&#8243; img_size=&#8221;full&#8221; alignment=&#8221;center&#8221; style=&#8221;vc_box_shadow_border&#8221; onclick=&#8221;custom_link&#8221; link=&#8221;\/pl\/produkty-i-uslugi\/oprawy-lozyskowe-i-zespoly-lozysk\/&#8221;][vc_column_text]<\/p>\n<h3 style=\"text-align: center;\">Oprawy \u0142o\u017cyskowe i zespo\u0142y \u0142o\u017cysk<\/h3>\n<p style=\"text-align: center;\">Obudowy do \u0142o\u017cysk tocznych i zespo\u0142y.<\/p>\n<p>[\/vc_column_text][\/vc_column][vc_column width=&#8221;1\/4&#8243;][vc_single_image image=&#8221;54180&#8243; img_size=&#8221;full&#8221; alignment=&#8221;center&#8221; style=&#8221;vc_box_shadow_border&#8221; onclick=&#8221;custom_link&#8221; link=&#8221;\/pl\/produkty-i-uslugi\/technika-liniowa\/&#8221;][vc_column_text]<\/p>\n<h3 style=\"text-align: center;\">Technika liniowa<\/h3>\n<p style=\"text-align: center;\">Prowadnice, liniowe \u0142o\u017cyska kulkowe, \u015bruby kulkowe.<\/p>\n<p>[\/vc_column_text][\/vc_column][vc_column width=&#8221;1\/4&#8243;][vc_single_image image=&#8221;54179&#8243; img_size=&#8221;full&#8221; alignment=&#8221;center&#8221; style=&#8221;vc_box_shadow_border&#8221; onclick=&#8221;custom_link&#8221; link=&#8221;\/pl\/produkty-i-uslugi\/uszczelnienia-walu\/&#8221;][vc_column_text]<\/p>\n<h3 style=\"text-align: center;\">Uszczelnienia wa\u0142u<\/h3>\n<p style=\"text-align: center;\">Gumowe uszczelnienia wa\u0142u &#8211; simeringi, o-ringi, mankiety.<\/p>\n<p>[\/vc_column_text][\/vc_column][\/vc_row][vc_row][vc_column width=&#8221;1\/4&#8243;][vc_single_image image=&#8221;54186&#8243; img_size=&#8221;full&#8221; alignment=&#8221;center&#8221; style=&#8221;vc_box_shadow_border&#8221; onclick=&#8221;custom_link&#8221; link=&#8221;\/pl\/produkty-i-uslugi\/pasy-klinowe-i-kola-pasowe\/&#8221;][vc_column_text]<\/p>\n<h3 style=\"text-align: center;\">Pasy klinowe i ko\u0142a pasowe<\/h3>\n<p style=\"text-align: center;\">Pasy klinowe i z\u0119bate.<\/p>\n<p>[\/vc_column_text][\/vc_column][vc_column width=&#8221;1\/4&#8243;][vc_single_image image=&#8221;54177&#8243; img_size=&#8221;full&#8221; alignment=&#8221;center&#8221; style=&#8221;vc_box_shadow_border&#8221; onclick=&#8221;custom_link&#8221; link=&#8221;\/pl\/produkty-i-uslugi\/rolki-transportowe-i-podstawy\/&#8221;][vc_column_text]<\/p>\n<h3 style=\"text-align: center;\">Rolki transportowe i podstawy<\/h3>\n<p style=\"text-align: center;\">Kr\u0105\u017cniki g\u0142adkie, wulkanizowane, pier\u015bcieniowe, tarczowe i girlandy.<\/p>\n<p>[\/vc_column_text][\/vc_column][vc_column width=&#8221;1\/4&#8243;][vc_single_image image=&#8221;54187&#8243; img_size=&#8221;full&#8221; alignment=&#8221;center&#8221; style=&#8221;vc_box_shadow_border&#8221; onclick=&#8221;custom_link&#8221; link=&#8221;\/pl\/produkty-i-uslugi\/lancuchy-i-kola-zebate\/&#8221;][vc_column_text]<\/p>\n<h3 style=\"text-align: center;\">\u0141a\u0144cuchy i ko\u0142a z\u0119bate<\/h3>\n<p style=\"text-align: center;\">\u0141a\u0144cuchy waleczkowe, Galla, Fleyera, przeno\u015bnikowe \u0142a\u0144cuchy i ko\u0142a \u0142a\u0144cuchowe.<\/p>\n<p>[\/vc_column_text][\/vc_column][vc_column width=&#8221;1\/4&#8243;][vc_single_image image=&#8221;54183&#8243; img_size=&#8221;full&#8221; alignment=&#8221;center&#8221; style=&#8221;vc_box_shadow_border&#8221; onclick=&#8221;custom_link&#8221; link=&#8221;\/pl\/produkty-i-uslugi\/smary-i-oleje\/&#8221;][vc_column_text]<\/p>\n<h3 style=\"text-align: center;\">Smary i oleje<\/h3>\n<p style=\"text-align: center;\">Plastyczne smary i oleje.<\/p>\n<p>[\/vc_column_text][\/vc_column][\/vc_row][vc_row][vc_column width=&#8221;1\/4&#8243;][vc_single_image image=&#8221;54178&#8243; img_size=&#8221;full&#8221; alignment=&#8221;center&#8221; style=&#8221;vc_box_shadow_border&#8221; onclick=&#8221;custom_link&#8221; link=&#8221;\/pl\/produkty-i-uslugi\/przenosniki-i-ich-czesci\/&#8221;][vc_column_text]<\/p>\n<h3 style=\"text-align: center;\">Przeno\u015bniki i ich cz\u0119\u015bci<\/h3>\n<p style=\"text-align: center;\">Przeno\u015bniki do przenoszenia materia\u0142\u00f3w sypkich i komponenty.<\/p>\n<p>[\/vc_column_text][\/vc_column][vc_column width=&#8221;1\/4&#8243;][vc_single_image image=&#8221;54184&#8243; img_size=&#8221;full&#8221; alignment=&#8221;center&#8221; style=&#8221;vc_box_shadow_border&#8221; onclick=&#8221;custom_link&#8221; link=&#8221;\/pl\/produkty-i-uslugi\/narzedzia\/&#8221;][vc_column_text]<\/p>\n<h3 style=\"text-align: center;\">Narz\u0119dzia<\/h3>\n<p style=\"text-align: center;\">Narz\u0119dzia do monta\u017cu, demonta\u017cu \u0142o\u017cysk, urz\u0105dzenia do diagnostyki.<\/p>\n<p>[\/vc_column_text][\/vc_column][vc_column width=&#8221;1\/4&#8243;][vc_single_image image=&#8221;54189&#8243; img_size=&#8221;full&#8221; alignment=&#8221;center&#8221; style=&#8221;vc_box_shadow_border&#8221; onclick=&#8221;custom_link&#8221; link=&#8221;\/pl\/produkty-i-uslugi\/systemy-smarowania\/&#8221;][vc_column_text]<\/p>\n<h3 style=\"text-align: center;\">Systemy smarowania<\/h3>\n<p style=\"text-align: center;\">Systemy smarowania i automatyczne smarownice.<\/p>\n<p>[\/vc_column_text][\/vc_column][vc_column width=&#8221;1\/4&#8243;][vc_single_image image=&#8221;54185&#8243; img_size=&#8221;full&#8221; alignment=&#8221;center&#8221; style=&#8221;vc_box_shadow_border&#8221; onclick=&#8221;custom_link&#8221; link=&#8221;\/pl\/produkty-i-uslugi\/czesci-zamienne-do-kruszarek-i-sortownikow\/&#8221;][vc_column_text]<\/p>\n<h3 style=\"text-align: center;\">Cz\u0119\u015bci zamienne do kruszarek i sortownik\u00f3w<\/h3>\n<p style=\"text-align: center;\">Cz\u0119\u015bci zamienne do kruszarek i sortownik\u00f3w, szcz\u0119ki, p\u0142aszcze, sita, pancerze.<\/p>\n<p>[\/vc_column_text][\/vc_column][\/vc_row][vc_row full_width=&#8221;stretch_row_content_no_spaces&#8221; css=&#8221;.vc_custom_1539842782836{padding-top: 60px !important;padding-bottom: 70px !important;background-image: url(https:\/\/www.gctrading.sk\/wp-content\/uploads\/sklad-back.jpg?id=54280) !important;background-position: center !important;background-repeat: no-repeat !important;background-size: cover !important;}&#8221;][vc_column][vc_column_text]<\/p>\n<h2 style=\"text-align: center;\"><span style=\"color: #ffffff;\">PRZEGL\u0104DAJCIE NASZE STANY MAGAZYNOWE<\/span><\/h2>\n<p>[\/vc_column_text]<style type=\"text\/css\" data-type=\"the7_shortcodes-inline-css\">#default-btn-4a8cb7157ec57916ff2a057843eda30f.ico-right-side > i {\n  margin-right: 0px;\n  margin-left: 8px;\n}\n#default-btn-4a8cb7157ec57916ff2a057843eda30f > i {\n  margin-right: 8px;\n}\n<\/style><div class=\"btn-align-center\"><a href=\"\/pl\/magazyn\/\" class=\"default-btn-shortcode dt-btn dt-btn-m link-hover-off \" id=\"default-btn-4a8cb7157ec57916ff2a057843eda30f\"><i class=\"fa fa-arrow-circle-right\"><\/i><span>Aktualne stany magazynowe<\/span><\/a><\/div>[\/vc_column][\/vc_row]<\/p>\n<\/section>","protected":false},"excerpt":{"rendered":"<p>[vc_row][vc_column][vc_empty_space height=&#8221;20px&#8221;][vc_column_text]Zajmujemy si\u0119 sprzeda\u017c\u0105 \u0142o\u017cysk i ich akcesori\u00f3w w standardowych i specjalnych, typowych i nietypowych wykonaniach. Jeste\u015bmy certyfikowanym dystrybutorem przemys\u0142owych \u0142o\u017cysk klasy premium NTN-SNR. Sprzedajemy r\u00f3wnie\u017c \u0142o\u017cyska od producent\u00f3w ZVL, NSK, RHP, ZKL, Koyo i innych. Ponadto r\u00f3wnie\u017c oferujemy szeroki zakres produkt\u00f3w przemys\u0142owych, jak naprzyklad oprawy \u0142o\u017cyskowe i zespo\u0142y, prowadnice liniowe, simeringi, O-ringi, V-ringi, uszczelki,&hellip;<\/p>\n","protected":false},"author":1,"featured_media":0,"parent":0,"menu_order":0,"comment_status":"closed","ping_status":"closed","template":"","meta":{"footnotes":""},"class_list":["post-53786","page","type-page","status-publish","hentry","description-off"],"_links":{"self":[{"href":"https:\/\/www.gctrading.sk\/pl\/wp-json\/wp\/v2\/pages\/53786","targetHints":{"allow":["GET"]}}],"collection":[{"href":"https:\/\/www.gctrading.sk\/pl\/wp-json\/wp\/v2\/pages"}],"about":[{"href":"https:\/\/www.gctrading.sk\/pl\/wp-json\/wp\/v2\/types\/page"}],"author":[{"embeddable":true,"href":"https:\/\/www.gctrading.sk\/pl\/wp-json\/wp\/v2\/users\/1"}],"replies":[{"embeddable":true,"href":"https:\/\/www.gctrading.sk\/pl\/wp-json\/wp\/v2\/comments?post=53786"}],"version-history":[{"count":4,"href":"https:\/\/www.gctrading.sk\/pl\/wp-json\/wp\/v2\/pages\/53786\/revisions"}],"predecessor-version":[{"id":54581,"href":"https:\/\/www.gctrading.sk\/pl\/wp-json\/wp\/v2\/pages\/53786\/revisions\/54581"}],"wp:attachment":[{"href":"https:\/\/www.gctrading.sk\/pl\/wp-json\/wp\/v2\/media?parent=53786"}],"curies":[{"name":"wp","href":"https:\/\/api.w.org\/{rel}","templated":true}]}}