{"id":53639,"date":"2018-09-25T13:01:32","date_gmt":"2018-09-25T11:01:32","guid":{"rendered":"http:\/\/2018.gctrading.sk\/?page_id=53639"},"modified":"2023-09-25T11:29:52","modified_gmt":"2023-09-25T09:29:52","slug":"vseobecne-obchodne-podmienky","status":"publish","type":"page","link":"https:\/\/www.gctrading.sk\/de\/vseobecne-obchodne-podmienky\/","title":{"rendered":"(Sloven\u010dina) V\u0161eobecn\u00e9 obchodn\u00e9 podmienky"},"content":{"rendered":"<p class=\"qtranxs-available-languages-message qtranxs-available-languages-message-de\">Leider ist der Eintrag nur auf <a href=\"https:\/\/www.gctrading.sk\/sk\/wp-json\/wp\/v2\/pages\/53639\" class=\"qtranxs-available-language-link qtranxs-available-language-link-sk\" title=\"Sloven\u010dina\">Sloven\u010dina<\/a> verf\u00fcgbar.<\/p>","protected":false},"excerpt":{"rendered":"<p>Leider ist der Eintrag nur auf Sloven\u010dina verf\u00fcgbar.<\/p>\n","protected":false},"author":1,"featured_media":0,"parent":0,"menu_order":0,"comment_status":"closed","ping_status":"closed","template":"","meta":{"footnotes":""},"class_list":["post-53639","page","type-page","status-publish","hentry","description-off"],"_links":{"self":[{"href":"https:\/\/www.gctrading.sk\/de\/wp-json\/wp\/v2\/pages\/53639","targetHints":{"allow":["GET"]}}],"collection":[{"href":"https:\/\/www.gctrading.sk\/de\/wp-json\/wp\/v2\/pages"}],"about":[{"href":"https:\/\/www.gctrading.sk\/de\/wp-json\/wp\/v2\/types\/page"}],"author":[{"embeddable":true,"href":"https:\/\/www.gctrading.sk\/de\/wp-json\/wp\/v2\/users\/1"}],"replies":[{"embeddable":true,"href":"https:\/\/www.gctrading.sk\/de\/wp-json\/wp\/v2\/comments?post=53639"}],"version-history":[{"count":1,"href":"https:\/\/www.gctrading.sk\/de\/wp-json\/wp\/v2\/pages\/53639\/revisions"}],"predecessor-version":[{"id":54590,"href":"https:\/\/www.gctrading.sk\/de\/wp-json\/wp\/v2\/pages\/53639\/revisions\/54590"}],"wp:attachment":[{"href":"https:\/\/www.gctrading.sk\/de\/wp-json\/wp\/v2\/media?parent=53639"}],"curies":[{"name":"wp","href":"https:\/\/api.w.org\/{rel}","templated":true}]}}